{"id":1223,"date":"2020-10-28T14:28:41","date_gmt":"2020-10-28T13:28:41","guid":{"rendered":"http:\/\/gkcollective.org\/new\/?page_id=1223"},"modified":"2020-11-09T11:12:18","modified_gmt":"2020-11-09T10:12:18","slug":"repertoire","status":"publish","type":"page","link":"https:\/\/gkcollective.org\/en\/repertoire\/","title":{"rendered":"GK R\u00e9pertoire"},"content":{"rendered":"\n<p>vue d&#8217;ensemble<\/p>\n\n\n\n<table id=\"tab_repertoire\">\n        <tbody>\n            <tr class=\"repertoireHead\">\n                <td>Projets <\/td>\n                <td>Dispositif<\/td>\n                <td>Cr\u00e9ation en <\/td>\n                <td>Jauge<\/td>\n                <td>V\u00e9cu <\/td>\n                <td>Dates \u00e0 venir<\/td>\n            <\/tr>\n            <tr class=\"tchach\">\n                <td>Libert\u00e9 \u00e0 Br\u00eame<\/td>\n                <td>TH\u00e9\u00e2TRe CaCH\u00e9 #1<\/td>\n                <td>2010<\/td>\n                <td>Pour 50 spectateurs<\/td>\n                <td>par 200 spectateurs<\/td>\n                <td>&#8211;<\/td>\n            <\/tr>\n            <tr class=\"tchach\">\n                <td>Barbe Bleue<\/td>\n                <td>TH\u00e9\u00e2TRe CaCH\u00e9 #2<\/td>\n                <td>2011<\/td>\n                <td>Pour 60 spectateurs<\/td>\n                <td>par 250 spectateurs<\/td>\n                <td>&#8211;<\/td>\n            <\/tr>\n            <tr class=\"tchach\">\n                <td>Bulles <\/td>\n                <td>TH\u00e9\u00e2TRe CaCH\u00e9 #4<\/td>\n                <td>2011<\/td>\n                <td>Un seul spectateur<\/td>\n                <td>par 100 spectateurs<\/td>\n                <td>&#8211;<\/td>\n            <\/tr>\n            <tr class=\"immerse\">\n                <td>Urgence<\/td>\n                <td>Immersif<\/td>\n                <td>2012<\/td>\n                <td>Un seul spectateur<\/td>\n                <td>par 1200 spectateurs<\/td>\n                <td>En d\u00e9cembre 2020<\/td>\n            <\/tr>\n            <tr class=\"tchach\">\n                <td>En\/Vie <\/td>\n                <td>TH\u00e9\u00e2TRe CaCH\u00e9 #1.2<\/td>\n                <td>2013<\/td>\n                <td>Pour 21 spectateurs<\/td>\n                <td>par 63 spectateurs<\/td>\n                <td>&#8211;<\/td>\n            <\/tr>\n            <tr class=\"tchach\">\n                <td>En-Vie <\/td>\n                <td>TH\u00e9\u00e2TRe CaCH\u00e9 #1.3<\/td>\n                <td>2013<\/td>\n                <td>Pour 7 spectateurs<\/td>\n                <td>par 21 spectateurs<\/td>\n                <td>&#8211;<\/td>\n            <\/tr>\n            <tr class=\"tchach\">\n                <td>EnVie <\/td>\n                <td>TH\u00e9\u00e2TRe CaCH\u00e9 #1.4<\/td>\n                <td>2014<\/td>\n                <td>Un seul spectateur<\/td>\n                <td>par 240 spectateurs<\/td>\n                <td>&#8211;<\/td>\n            <\/tr>\n            <tr class=\"coop\">\n                <td>Hotel Obscura Fr<\/td>\n                <td>Coop\u00e9ration Europ\u00e9enne \/ One to One<\/td>\n                <td>2013\/2014<\/td>\n                <td>Un seul spectateur<\/td>\n                <td>par 600 spectateurs<\/td>\n                <td>&#8211;<\/td>\n            <\/tr>\n            <tr class=\"tchach\">\n                <td>Proust.<\/td>\n                <td>TH\u00e9\u00e2TRe CaCH\u00e9 #8<\/td>\n                <td>2016<\/td>\n                <td>Un seul spectateur<\/td>\n                <td>par 1400 spectateurs<\/td>\n                <td>En audio livre en 2021<\/td>\n            <\/tr>\n            <tr class=\"agence\">\n                <td>YKIMNAR<\/td>\n                <td>Agence de Rencontre Sans Risque<\/td>\n                <td>2018\/2019<\/td>\n                <td>Un seul spectateur<\/td>\n                <td>par 1032 spectateurs<\/td>\n                <td>En avril 2021<\/td>\n            <\/tr>\n            <tr class=\"agence\">\n                <td>DCOD&#8217;R<\/td>\n                <td>Agence de Rencontre Sans Risque<\/td>\n                <td>2018<\/td>\n                <td>Un seul spectateur<\/td>\n                <td>par 62 spectateurs<\/td>\n                <td>En d\u00e9cembre 2020<\/td>\n            <\/tr>\n            <tr class=\"agence\">\n                <td>(F)RAVI<\/td>\n                <td>Agence de Rencontre Sans Risque<\/td>\n                <td>2017<\/td>\n                <td>Un seul spectateur<\/td>\n                <td>par 462 spectateurs<\/td>\n                <td>&#8211;<\/td>\n            <\/tr>\n            <tr class=\"agence\">\n                <td>MIRAGE<\/td>\n                <td>Agence de Rencontre Sans Risque<\/td>\n                <td>2020<\/td>\n                <td>Pour 50 spectateurs<\/td>\n                <td>12 repr\u00e9sentations<\/td>\n                <td>&#8211;<\/td>\n            <\/tr>\n            <tr class=\"invisible\">\n                <td>M\u00e9tro Climat<\/td>\n                <td>Th\u00e9\u00e2tre Invisible<\/td>\n                <td>2015<\/td>\n                <td>Rame de m\u00e9tro<\/td>\n                <td>24 repr\u00e9sentations<\/td>\n                <td>&#8211;<\/td>\n            <\/tr>\n            <tr class=\"participe\">\n                <td>Loup Bleu<\/td>\n                <td>Participatif<\/td>\n                <td>2019<\/td>\n                <td>Groupe d&#8217;enfants<\/td>\n                <td>6 repr\u00e9sentations<\/td>\n                <td>En mai 2021<\/td>\n            <\/tr>\n            <tr class=\"immerse\">\n                <td>R\u00e9v\u00e9sz<\/td>\n                <td>Immersif en espace naturel<\/td>\n                <td>2019<\/td>\n                <td>Un seul spectateur<\/td>\n                <td>par 458 spectateurs<\/td>\n                <td>En mai 2021<\/td>\n            <\/tr>\n            <tr class=\"participe\">\n                <td>Radio des Dol\u00e9ances<\/td>\n                <td>Participatif<\/td>\n                <td>2019<\/td>\n                <td>Un seul spectateur<\/td>\n                <td>par 47 spectateurs<\/td>\n                <td>&#8211;<\/td>\n            <\/tr>\n            <tr class=\"eprouvette\">\n                <td>Pr\u00e9sidentiable<\/td>\n                <td>Eprouvettes &#8211; Laboratoire de recherche<\/td>\n                <td>2017<\/td>\n                <td>Un seul spectateur<\/td>\n                <td>par 16 spectateurs<\/td>\n                <td>&#8211;<\/td>\n            <\/tr>\n            <tr class=\"eprouvette\">\n                <td>Specateur Cam\u00e9ra<\/td>\n                <td>Eprouvettes &#8211; Laboratoire de recherche<\/td>\n                <td>2018<\/td>\n                <td>Un seul spectateur<\/td>\n                <td>par 16 spectateurs<\/td>\n                <td>&#8211;<\/td>\n            <\/tr>\n            <tr class=\"eprouvette\">\n                <td>Po\u00e9sie Interdite<\/td>\n                <td>Eprouvettes &#8211; Laboratoire de recherche<\/td>\n                <td>2018<\/td>\n                <td>Un seul spectateur<\/td>\n                <td>par 16 spectateurs<\/td>\n                <td>En f\u00e9vrier 2022<\/td>\n            <\/tr>\n            <tr class=\"eprouvette\">\n                <td>Jugez Vous M\u00eame<\/td>\n                <td>Eprouvettes &#8211; Laboratoire de recherche<\/td>\n                <td>2019<\/td>\n                <td>Un seul spectateur<\/td>\n                <td>par 16 spectateurs<\/td>\n                <td>&#8211;<\/td>\n            <\/tr>\n            <tr class=\"participe\">\n                <td>L&#8217;Avenir Vous Regarde<\/td>\n                <td>Participatif<\/td>\n                <td>2021<\/td>\n                <td>Pour 48 spectateurs<\/td>\n                <td>\u00e0 venir<\/td>\n                <td>En avril 2021<\/td>\n            <\/tr>\n            <tr class=\"immerse\">\n                <td>L&#8217;Arbre \u00e0 Secret<\/td>\n                <td>Immersif en espace naturel<\/td>\n                <td>2022<\/td>\n                <td>Pour 42 spectateurs<\/td>\n                <td>\u00e0 venir<\/td>\n                <td>En avril 2022<\/td>\n            <\/tr>\n        <\/tbody>\n    <\/table>\n","protected":false},"excerpt":{"rendered":"<p>vue d&#8217;ensemble Projets Dispositif Cr\u00e9ation en Jauge V\u00e9cu Dates \u00e0 venir Libert\u00e9 \u00e0 Br\u00eame TH\u00e9\u00e2TRe CaCH\u00e9 #1 2010 Pour 50 spectateurs par 200 spectateurs &#8211; Barbe Bleue TH\u00e9\u00e2TRe CaCH\u00e9 #2 2011 Pour 60 spectateurs par 250 spectateurs &#8211; Bulles TH\u00e9\u00e2TRe CaCH\u00e9 #4 2011 Un seul spectateur par 100 spectateurs &#8211; Urgence Immersif 2012 Un seul [&hellip;]<\/p>\n","protected":false},"author":1,"featured_media":0,"parent":0,"menu_order":0,"comment_status":"closed","ping_status":"closed","template":"","meta":{"footnotes":""},"class_list":["post-1223","page","type-page","status-publish","hentry"],"translation":{"provider":"WPGlobus","version":"3.0.0","language":"en","enabled_languages":["fr","en"],"languages":{"fr":{"title":true,"content":true,"excerpt":false},"en":{"title":false,"content":false,"excerpt":false}}},"yoast_head":"<!-- This site is optimized with the Yoast SEO plugin v26.4 - https:\/\/yoast.com\/wordpress\/plugins\/seo\/ -->\n<title>GK R\u00e9pertoire - GK<\/title>\n<meta name=\"robots\" content=\"index, follow, max-snippet:-1, max-image-preview:large, max-video-preview:-1\" \/>\n<link rel=\"canonical\" href=\"https:\/\/gkcollective.org\/repertoire\/\" \/>\n<meta property=\"og:locale\" content=\"en_US\" \/>\n<meta property=\"og:type\" content=\"article\" \/>\n<meta property=\"og:title\" content=\"GK R\u00e9pertoire - GK\" \/>\n<meta property=\"og:url\" content=\"https:\/\/gkcollective.org\/repertoire\/\" \/>\n<meta property=\"og:site_name\" content=\"GK\" \/>\n<meta property=\"article:modified_time\" content=\"2020-11-09T10:12:18+00:00\" \/>\n<meta name=\"twitter:label1\" content=\"Est. reading time\" \/>\n\t<meta name=\"twitter:data1\" content=\"1 minute\" \/>\n<script type=\"application\/ld+json\" class=\"yoast-schema-graph\">{\"@context\":\"https:\/\/schema.org\",\"@graph\":[{\"@type\":\"WebPage\",\"@id\":\"https:\/\/gkcollective.org\/repertoire\/\",\"url\":\"https:\/\/gkcollective.org\/repertoire\/\",\"name\":\"GK R\u00e9pertoire - GK\",\"isPartOf\":{\"@id\":\"https:\/\/gkcollective.org\/#website\"},\"datePublished\":\"2020-10-28T13:28:41+00:00\",\"dateModified\":\"2020-11-09T10:12:18+00:00\",\"breadcrumb\":{\"@id\":\"https:\/\/gkcollective.org\/repertoire\/#breadcrumb\"},\"inLanguage\":\"en-US\",\"potentialAction\":[{\"@type\":\"ReadAction\",\"target\":[\"https:\/\/gkcollective.org\/repertoire\/\"]}]},{\"@type\":\"BreadcrumbList\",\"@id\":\"https:\/\/gkcollective.org\/repertoire\/#breadcrumb\",\"itemListElement\":[{\"@type\":\"ListItem\",\"position\":1,\"name\":\"Accueil\",\"item\":\"https:\/\/gkcollective.org\/\"},{\"@type\":\"ListItem\",\"position\":2,\"name\":\"GK R\u00e9pertoire\"}]},{\"@type\":\"WebSite\",\"@id\":\"https:\/\/gkcollective.org\/#website\",\"url\":\"https:\/\/gkcollective.org\/\",\"name\":\"GK\",\"description\":\"GK collective\",\"publisher\":{\"@id\":\"https:\/\/gkcollective.org\/#organization\"},\"potentialAction\":[{\"@type\":\"SearchAction\",\"target\":{\"@type\":\"EntryPoint\",\"urlTemplate\":\"https:\/\/gkcollective.org\/?s={search_term_string}\"},\"query-input\":{\"@type\":\"PropertyValueSpecification\",\"valueRequired\":true,\"valueName\":\"search_term_string\"}}],\"inLanguage\":\"en-US\"},{\"@type\":\"Organization\",\"@id\":\"https:\/\/gkcollective.org\/#organization\",\"name\":\"GK\",\"url\":\"https:\/\/gkcollective.org\/\",\"logo\":{\"@type\":\"ImageObject\",\"inLanguage\":\"en-US\",\"@id\":\"https:\/\/gkcollective.org\/#\/schema\/logo\/image\/\",\"url\":\"https:\/\/gkcollective.org\/wp-content\/uploads\/2020\/10\/GK-tubes-2.png\",\"contentUrl\":\"https:\/\/gkcollective.org\/wp-content\/uploads\/2020\/10\/GK-tubes-2.png\",\"width\":120,\"height\":80,\"caption\":\"GK\"},\"image\":{\"@id\":\"https:\/\/gkcollective.org\/#\/schema\/logo\/image\/\"}}]}<\/script>\n<!-- \/ Yoast SEO plugin. -->","yoast_head_json":{"title":"GK R\u00e9pertoire - GK","robots":{"index":"index","follow":"follow","max-snippet":"max-snippet:-1","max-image-preview":"max-image-preview:large","max-video-preview":"max-video-preview:-1"},"canonical":"https:\/\/gkcollective.org\/repertoire\/","og_locale":"en_US","og_type":"article","og_title":"GK R\u00e9pertoire - GK","og_url":"https:\/\/gkcollective.org\/repertoire\/","og_site_name":"GK","article_modified_time":"2020-11-09T10:12:18+00:00","twitter_misc":{"Est. reading time":"1 minute"},"schema":{"@context":"https:\/\/schema.org","@graph":[{"@type":"WebPage","@id":"https:\/\/gkcollective.org\/repertoire\/","url":"https:\/\/gkcollective.org\/repertoire\/","name":"GK R\u00e9pertoire - GK","isPartOf":{"@id":"https:\/\/gkcollective.org\/#website"},"datePublished":"2020-10-28T13:28:41+00:00","dateModified":"2020-11-09T10:12:18+00:00","breadcrumb":{"@id":"https:\/\/gkcollective.org\/repertoire\/#breadcrumb"},"inLanguage":"en-US","potentialAction":[{"@type":"ReadAction","target":["https:\/\/gkcollective.org\/repertoire\/"]}]},{"@type":"BreadcrumbList","@id":"https:\/\/gkcollective.org\/repertoire\/#breadcrumb","itemListElement":[{"@type":"ListItem","position":1,"name":"Accueil","item":"https:\/\/gkcollective.org\/"},{"@type":"ListItem","position":2,"name":"GK R\u00e9pertoire"}]},{"@type":"WebSite","@id":"https:\/\/gkcollective.org\/#website","url":"https:\/\/gkcollective.org\/","name":"GK","description":"GK collective","publisher":{"@id":"https:\/\/gkcollective.org\/#organization"},"potentialAction":[{"@type":"SearchAction","target":{"@type":"EntryPoint","urlTemplate":"https:\/\/gkcollective.org\/?s={search_term_string}"},"query-input":{"@type":"PropertyValueSpecification","valueRequired":true,"valueName":"search_term_string"}}],"inLanguage":"en-US"},{"@type":"Organization","@id":"https:\/\/gkcollective.org\/#organization","name":"GK","url":"https:\/\/gkcollective.org\/","logo":{"@type":"ImageObject","inLanguage":"en-US","@id":"https:\/\/gkcollective.org\/#\/schema\/logo\/image\/","url":"https:\/\/gkcollective.org\/wp-content\/uploads\/2020\/10\/GK-tubes-2.png","contentUrl":"https:\/\/gkcollective.org\/wp-content\/uploads\/2020\/10\/GK-tubes-2.png","width":120,"height":80,"caption":"GK"},"image":{"@id":"https:\/\/gkcollective.org\/#\/schema\/logo\/image\/"}}]}},"_links":{"self":[{"href":"https:\/\/gkcollective.org\/en\/wp-json\/wp\/v2\/pages\/1223","targetHints":{"allow":["GET"]}}],"collection":[{"href":"https:\/\/gkcollective.org\/en\/wp-json\/wp\/v2\/pages"}],"about":[{"href":"https:\/\/gkcollective.org\/en\/wp-json\/wp\/v2\/types\/page"}],"author":[{"embeddable":true,"href":"https:\/\/gkcollective.org\/en\/wp-json\/wp\/v2\/users\/1"}],"replies":[{"embeddable":true,"href":"https:\/\/gkcollective.org\/en\/wp-json\/wp\/v2\/comments?post=1223"}],"version-history":[{"count":4,"href":"https:\/\/gkcollective.org\/en\/wp-json\/wp\/v2\/pages\/1223\/revisions"}],"predecessor-version":[{"id":2343,"href":"https:\/\/gkcollective.org\/en\/wp-json\/wp\/v2\/pages\/1223\/revisions\/2343"}],"wp:attachment":[{"href":"https:\/\/gkcollective.org\/en\/wp-json\/wp\/v2\/media?parent=1223"}],"curies":[{"name":"wp","href":"https:\/\/api.w.org\/{rel}","templated":true}]}}